{"id":4451,"date":"2025-10-24T23:25:42","date_gmt":"2025-10-24T21:25:42","guid":{"rendered":"https:\/\/www.dragracefest.com\/?page_id=4451"},"modified":"2025-10-25T01:17:15","modified_gmt":"2025-10-24T23:17:15","slug":"aussteller","status":"publish","type":"page","link":"https:\/\/www.dragracefest.com\/en\/aussteller\/","title":{"rendered":"Verkaufs- und Ausstellungsst\u00e4nde\u200b"},"content":{"rendered":"<div data-elementor-type=\"wp-page\" data-elementor-id=\"4451\" class=\"elementor elementor-4451\" data-elementor-post-type=\"page\">\n\t\t\t\t<div class=\"elementor-element elementor-element-24d0032 section-width e-flex e-con-boxed e-con e-parent\" data-id=\"24d0032\" data-element_type=\"container\" data-e-type=\"container\" data-settings=\"{&quot;background_background&quot;:&quot;classic&quot;}\">\n\t\t\t\t\t<div class=\"e-con-inner\">\n\t\t\t\t<div class=\"elementor-element elementor-element-f02c430 elementor-widget elementor-widget-heading\" data-id=\"f02c430\" data-element_type=\"widget\" data-e-type=\"widget\" data-widget_type=\"heading.default\">\n\t\t\t\t<div class=\"elementor-widget-container\">\n\t\t\t\t\t<h1 class=\"elementor-heading-title elementor-size-default\">Exhibitors &amp; Sales Booths<\/h1>\t\t\t\t<\/div>\n\t\t\t\t<\/div>\n\t\t\t\t\t<\/div>\n\t\t\t\t<\/div>\n\t\t<div class=\"elementor-element elementor-element-7dba194 section-width e-flex e-con-boxed e-con e-parent\" data-id=\"7dba194\" data-element_type=\"container\" data-e-type=\"container\" data-settings=\"{&quot;background_background&quot;:&quot;gradient&quot;}\">\n\t\t\t\t\t<div class=\"e-con-inner\">\n\t\t\t\t<div class=\"elementor-element elementor-element-5bcd83d animated-slow elementor-invisible elementor-widget elementor-widget-heading\" data-id=\"5bcd83d\" data-element_type=\"widget\" data-e-type=\"widget\" data-settings=\"{&quot;_animation&quot;:&quot;slideInUp&quot;}\" data-widget_type=\"heading.default\">\n\t\t\t\t<div class=\"elementor-widget-container\">\n\t\t\t\t\t<h2 class=\"elementor-heading-title elementor-size-default\">Present yourself right at the heart of the racing action!<\/h2>\t\t\t\t<\/div>\n\t\t\t\t<\/div>\n\t\t\t\t<div class=\"elementor-element elementor-element-3d09b7f elementor-widget elementor-widget-heading\" data-id=\"3d09b7f\" data-element_type=\"widget\" data-e-type=\"widget\" data-widget_type=\"heading.default\">\n\t\t\t\t<div class=\"elementor-widget-container\">\n\t\t\t\t\t<h2 class=\"elementor-heading-title elementor-size-default\">Sales and exhibition areas <br>at DRAGRACEFEST 2026\n<\/h2>\t\t\t\t<\/div>\n\t\t\t\t<\/div>\n\t\t\t\t<div class=\"elementor-element elementor-element-37b2b27 elementor-invisible elementor-widget elementor-widget-text-editor\" data-id=\"37b2b27\" data-element_type=\"widget\" data-e-type=\"widget\" data-settings=\"{&quot;_animation&quot;:&quot;fadeInUp&quot;}\" data-widget_type=\"text-editor.default\">\n\t\t\t\t<div class=\"elementor-widget-container\">\n\t\t\t\t\t\t\t\t\t<p>Following a successful premiere in 2024, DRAGRACEFEST 2026 will once again take place on the quarter mile, attracting numerous motorsport fans from Austria and abroad. Take advantage of this opportunity to showcase your products and services in one central location.<\/p>\t\t\t\t\t\t\t\t<\/div>\n\t\t\t\t<\/div>\n\t\t\t\t<div class=\"elementor-element elementor-element-e8a376d elementor-invisible elementor-widget elementor-widget-text-editor\" data-id=\"e8a376d\" data-element_type=\"widget\" data-e-type=\"widget\" data-settings=\"{&quot;_animation&quot;:&quot;fadeInUp&quot;}\" data-widget_type=\"text-editor.default\">\n\t\t\t\t<div class=\"elementor-widget-container\">\n\t\t\t\t\t\t\t\t\t<p>We offer various sales and presentation areas that can be adapted to your requirements. Whether tuning, merchandise, or catering\u2014together we will find the right space for you.<\/p>\t\t\t\t\t\t\t\t<\/div>\n\t\t\t\t<\/div>\n\t\t<div class=\"elementor-element elementor-element-2506da1 e-con-full e-flex e-con e-child\" data-id=\"2506da1\" data-element_type=\"container\" data-e-type=\"container\" data-settings=\"{&quot;background_background&quot;:&quot;classic&quot;}\">\n\t\t<div class=\"elementor-element elementor-element-c556c60 e-con-full e-flex e-con e-child\" data-id=\"c556c60\" data-element_type=\"container\" data-e-type=\"container\">\n\t\t\t\t<div class=\"elementor-element elementor-element-e531164 elementor-widget__width-initial elementor-widget elementor-widget-image\" data-id=\"e531164\" data-element_type=\"widget\" data-e-type=\"widget\" data-widget_type=\"image.default\">\n\t\t\t\t<div class=\"elementor-widget-container\">\n\t\t\t\t\t\t\t\t\t\t\t\t\t\t\t<img fetchpriority=\"high\" decoding=\"async\" width=\"2048\" height=\"1536\" src=\"https:\/\/www.dragracefest.com\/wp-content\/uploads\/448399182_855252249974088_5422738856279105127_n.jpg\" class=\"attachment-large size-large wp-image-4437\" alt=\"\" srcset=\"https:\/\/www.dragracefest.com\/wp-content\/uploads\/448399182_855252249974088_5422738856279105127_n.jpg 2048w, https:\/\/www.dragracefest.com\/wp-content\/uploads\/448399182_855252249974088_5422738856279105127_n-768x576.jpg 768w, https:\/\/www.dragracefest.com\/wp-content\/uploads\/448399182_855252249974088_5422738856279105127_n-1536x1152.jpg 1536w, https:\/\/www.dragracefest.com\/wp-content\/uploads\/448399182_855252249974088_5422738856279105127_n-16x12.jpg 16w\" sizes=\"(max-width: 2048px) 100vw, 2048px\" \/>\t\t\t\t\t\t\t\t\t\t\t\t\t\t\t<\/div>\n\t\t\t\t<\/div>\n\t\t\t\t<div class=\"elementor-element elementor-element-62013a8 elementor-widget__width-initial elementor-widget elementor-widget-image\" data-id=\"62013a8\" data-element_type=\"widget\" data-e-type=\"widget\" data-widget_type=\"image.default\">\n\t\t\t\t<div class=\"elementor-widget-container\">\n\t\t\t\t\t\t\t\t\t\t\t\t\t\t\t<img decoding=\"async\" width=\"2184\" height=\"892\" src=\"https:\/\/www.dragracefest.com\/wp-content\/uploads\/meidl_drone_shot.jpg\" class=\"attachment-large size-large wp-image-4456\" alt=\"\" srcset=\"https:\/\/www.dragracefest.com\/wp-content\/uploads\/meidl_drone_shot.jpg 2184w, https:\/\/www.dragracefest.com\/wp-content\/uploads\/meidl_drone_shot-768x314.jpg 768w, https:\/\/www.dragracefest.com\/wp-content\/uploads\/meidl_drone_shot-1536x627.jpg 1536w, https:\/\/www.dragracefest.com\/wp-content\/uploads\/meidl_drone_shot-2048x836.jpg 2048w, https:\/\/www.dragracefest.com\/wp-content\/uploads\/meidl_drone_shot-18x7.jpg 18w\" sizes=\"(max-width: 2184px) 100vw, 2184px\" \/>\t\t\t\t\t\t\t\t\t\t\t\t\t\t\t<\/div>\n\t\t\t\t<\/div>\n\t\t\t\t<\/div>\n\t\t<div class=\"elementor-element elementor-element-cdd1766 e-con-full e-flex e-con e-child\" data-id=\"cdd1766\" data-element_type=\"container\" data-e-type=\"container\">\n\t\t\t\t<div class=\"elementor-element elementor-element-bf5b2ef elementor-widget elementor-widget-heading\" data-id=\"bf5b2ef\" data-element_type=\"widget\" data-e-type=\"widget\" data-widget_type=\"heading.default\">\n\t\t\t\t<div class=\"elementor-widget-container\">\n\t\t\t\t\t<h2 class=\"elementor-heading-title elementor-size-default\">Benefits for exhibitors and sales booths<\/h2>\t\t\t\t<\/div>\n\t\t\t\t<\/div>\n\t\t\t\t<div class=\"elementor-element elementor-element-c7079ce elementor-invisible elementor-widget elementor-widget-text-editor\" data-id=\"c7079ce\" data-element_type=\"widget\" data-e-type=\"widget\" data-settings=\"{&quot;_animation&quot;:&quot;fadeInUp&quot;}\" data-widget_type=\"text-editor.default\">\n\t\t\t\t<div class=\"elementor-widget-container\">\n\t\t\t\t\t\t\t\t\t<p>Over two days, we welcome several thousand visitors to DRAGRACEFEST 2026. Our target audience consists of motorsport and tuning enthusiasts who are actively looking for exciting products, accessories, and experiences.<\/p><p>In addition, many visitors are also hungry and thirsty, making food and beverage stands particularly popular.<\/p><p>As an exhibitor or sales stand, you benefit from high visitor traffic, direct contact with a suitable target group, and the opportunity to bring your brand or offering to life right there on site.<\/p>\t\t\t\t\t\t\t\t<\/div>\n\t\t\t\t<\/div>\n\t\t\t\t<div class=\"elementor-element elementor-element-05502cf elementor-align-left elementor-widget elementor-widget-button\" data-id=\"05502cf\" data-element_type=\"widget\" data-e-type=\"widget\" data-widget_type=\"button.default\">\n\t\t\t\t<div class=\"elementor-widget-container\">\n\t\t\t\t\t\t\t\t\t<div class=\"elementor-button-wrapper\">\n\t\t\t\t\t<a class=\"elementor-button elementor-button-link elementor-size-lg elementor-animation-grow\" href=\"mailto:info@dragracefest.com?subject=Standplatz-Anfrage\">\n\t\t\t\t\t\t<span class=\"elementor-button-content-wrapper\">\n\t\t\t\t\t\t\t\t\t<span class=\"elementor-button-text\">Contact now!<\/span>\n\t\t\t\t\t<\/span>\n\t\t\t\t\t<\/a>\n\t\t\t\t<\/div>\n\t\t\t\t\t\t\t\t<\/div>\n\t\t\t\t<\/div>\n\t\t\t\t<\/div>\n\t\t\t\t<\/div>\n\t\t\t\t\t<\/div>\n\t\t\t\t<\/div>\n\t\t\t\t<\/div>","protected":false},"excerpt":{"rendered":"<p>Aussteller &amp; Verkaufsst\u00e4nde Pr\u00e4sentieren Sie sich direkt am Renngeschehen! Verkaufs- und Ausstellungsfl\u00e4chen beim DRAGRACEFEST 2026 Nach einer erfolgreichen Premiere im Jahr 2024 findet das DRAGRACEFEST 2026 wieder auf der Viertelmeile statt und zieht zahlreiche Motorsportfans aus \u00d6sterreich und dem Ausland an. Nutzen Sie die M\u00f6glichkeit, Ihre Produkte und Dienstleistungen an einem zentralen Ort zu pr\u00e4sentieren. [&hellip;]<\/p>\n","protected":false},"author":1,"featured_media":0,"parent":0,"menu_order":0,"comment_status":"closed","ping_status":"closed","template":"","meta":{"_acf_changed":false,"footnotes":""},"class_list":["post-4451","page","type-page","status-publish","hentry"],"acf":[],"_links":{"self":[{"href":"https:\/\/www.dragracefest.com\/en\/wp-json\/wp\/v2\/pages\/4451","targetHints":{"allow":["GET"]}}],"collection":[{"href":"https:\/\/www.dragracefest.com\/en\/wp-json\/wp\/v2\/pages"}],"about":[{"href":"https:\/\/www.dragracefest.com\/en\/wp-json\/wp\/v2\/types\/page"}],"author":[{"embeddable":true,"href":"https:\/\/www.dragracefest.com\/en\/wp-json\/wp\/v2\/users\/1"}],"replies":[{"embeddable":true,"href":"https:\/\/www.dragracefest.com\/en\/wp-json\/wp\/v2\/comments?post=4451"}],"version-history":[{"count":0,"href":"https:\/\/www.dragracefest.com\/en\/wp-json\/wp\/v2\/pages\/4451\/revisions"}],"wp:attachment":[{"href":"https:\/\/www.dragracefest.com\/en\/wp-json\/wp\/v2\/media?parent=4451"}],"curies":[{"name":"wp","href":"https:\/\/api.w.org\/{rel}","templated":true}]}}